{"id":2502,"date":"2023-11-13T14:54:03","date_gmt":"2023-11-13T13:54:03","guid":{"rendered":"https:\/\/www.csaf.lu\/?page_id=2502"},"modified":"2023-11-13T14:55:04","modified_gmt":"2023-11-13T13:55:04","slug":"qui-sommes-nous","status":"publish","type":"page","link":"https:\/\/www.csaf.lu\/index.php\/qui-sommes-nous\/","title":{"rendered":"Qui sommes-nous ?"},"content":{"rendered":"\t\t<div data-elementor-type=\"wp-page\" data-elementor-id=\"2502\" class=\"elementor elementor-2502\" data-elementor-post-type=\"page\">\n\t\t\t\t\t\t<section class=\"elementor-section elementor-top-section elementor-element elementor-element-a4aed3d elementor-section-boxed elementor-section-height-default elementor-section-height-default\" data-id=\"a4aed3d\" data-element_type=\"section\" data-e-type=\"section\">\n\t\t\t\t\t\t<div class=\"elementor-container elementor-column-gap-default\">\n\t\t\t\t\t<div class=\"elementor-column elementor-col-100 elementor-top-column elementor-element elementor-element-589d2fa\" data-id=\"589d2fa\" data-element_type=\"column\" data-e-type=\"column\">\n\t\t\t<div class=\"elementor-widget-wrap elementor-element-populated\">\n\t\t\t\t\t\t<section class=\"elementor-section elementor-inner-section elementor-element elementor-element-ae73e3e elementor-section-boxed elementor-section-height-default elementor-section-height-default\" data-id=\"ae73e3e\" data-element_type=\"section\" data-e-type=\"section\">\n\t\t\t\t\t\t<div class=\"elementor-container elementor-column-gap-default\">\n\t\t\t\t\t<div class=\"elementor-column elementor-col-50 elementor-inner-column elementor-element elementor-element-c2218ea\" data-id=\"c2218ea\" data-element_type=\"column\" data-e-type=\"column\">\n\t\t\t<div class=\"elementor-widget-wrap elementor-element-populated\">\n\t\t\t\t\t\t<div class=\"elementor-element elementor-element-df2104d elementor-widget elementor-widget-heading\" data-id=\"df2104d\" data-element_type=\"widget\" data-e-type=\"widget\" data-widget_type=\"heading.default\">\n\t\t\t\t<div class=\"elementor-widget-container\">\n\t\t\t\t\t<h2 class=\"elementor-heading-title elementor-size-default\">Notre engagement<\/h2>\t\t\t\t<\/div>\n\t\t\t\t<\/div>\n\t\t\t\t\t<\/div>\n\t\t<\/div>\n\t\t\t\t<div class=\"elementor-column elementor-col-50 elementor-inner-column elementor-element elementor-element-ad889c8\" data-id=\"ad889c8\" data-element_type=\"column\" data-e-type=\"column\">\n\t\t\t<div class=\"elementor-widget-wrap elementor-element-populated\">\n\t\t\t\t\t\t<div class=\"elementor-element elementor-element-41b432d elementor-widget elementor-widget-text-editor\" data-id=\"41b432d\" data-element_type=\"widget\" data-e-type=\"widget\" data-widget_type=\"text-editor.default\">\n\t\t\t\t<div class=\"elementor-widget-container\">\n\t\t\t\t\t\t\t\t\t<p><span style=\"white-space-collapse: preserve;\">CSAF travaille main dans la main avec les organismes de formation dans la construction de formations et leurs certification, dans la cr\u00e9ation de CFA, la mise en conformit\u00e9 Qualiopi, la strat\u00e9gie ou encore l\u2019\u00e9ligibilit\u00e9 CPF. Nous accompagnons d\u00e9j\u00e0 des dizaines d\u2019organismes de formation, d\u2019\u00e9tablissements publics d\u2019enseignements et d\u2019entreprises du secteur public et priv\u00e9 issus de partout en France et de tout secteurs d\u2019activit\u00e9.<br \/><br \/>Chez CSAF, nous nous engageons \u00e0 vous accompagner avec une d\u00e9marche agile et adapt\u00e9e aux besoins et \u00e9volutions r\u00e8glementaires de votre domaine. Nous mettons un point d\u2019honneur \u00e0 conserver une d\u00e9marche proche de nos clients en valorisant l\u2019humain, la sinc\u00e9rit\u00e9 et l\u2019efficacit\u00e9.<br \/><br \/>Respect et \u00e9thique : chaque client est accompagn\u00e9 dans le respect des r\u00e8gles commerciales et juridiques. A chaque prestation un contrat complet permet de d\u00e9crire les conditions de r\u00e9alisation de la prestation, y est d\u00e9crit toutes les clauses permettant de s\u00e9curiser le client : respect de la confidentialit\u00e9, normes RGPD, respect des \u00e9ch\u00e9ances. <\/span><\/p>\t\t\t\t\t\t\t\t<\/div>\n\t\t\t\t<\/div>\n\t\t\t\t\t<\/div>\n\t\t<\/div>\n\t\t\t\t\t<\/div>\n\t\t<\/section>\n\t\t\t\t\t<\/div>\n\t\t<\/div>\n\t\t\t\t\t<\/div>\n\t\t<\/section>\n\t\t\t\t<\/div>\n\t\t","protected":false},"excerpt":{"rendered":"<p>Notre engagement CSAF travaille main dans la main avec les organismes de formation dans la construction de formations et leurs certification, dans la cr\u00e9ation de CFA, la mise en conformit\u00e9 Qualiopi, la strat\u00e9gie ou encore l\u2019\u00e9ligibilit\u00e9 CPF. Nous accompagnons d\u00e9j\u00e0 des dizaines d\u2019organismes de formation, d\u2019\u00e9tablissements publics d\u2019enseignements et d\u2019entreprises du secteur public et priv\u00e9&hellip;&nbsp;<a href=\"https:\/\/www.csaf.lu\/index.php\/qui-sommes-nous\/\" class=\"\" rel=\"bookmark\">Lire la suite &raquo;<span class=\"screen-reader-text\">Qui sommes-nous ?<\/span><\/a><\/p>\n","protected":false},"author":1,"featured_media":0,"parent":0,"menu_order":0,"comment_status":"closed","ping_status":"closed","template":"page-templates\/template-pagebuilder-full-width.php","meta":{"neve_meta_sidebar":"","neve_meta_container":"","neve_meta_enable_content_width":"","neve_meta_content_width":0,"neve_meta_title_alignment":"","neve_meta_author_avatar":"","neve_post_elements_order":"","neve_meta_disable_header":"","neve_meta_disable_footer":"","neve_meta_disable_title":"","footnotes":""},"class_list":["post-2502","page","type-page","status-publish","hentry"],"yoast_head":"<!-- This site is optimized with the Yoast SEO plugin v26.8 - https:\/\/yoast.com\/product\/yoast-seo-wordpress\/ -->\n<title>Qui sommes-nous ? - csaf.lu<\/title>\n<meta name=\"robots\" content=\"index, follow, max-snippet:-1, max-image-preview:large, max-video-preview:-1\" \/>\n<link rel=\"canonical\" href=\"https:\/\/www.csaf.lu\/index.php\/qui-sommes-nous\/\" \/>\n<meta property=\"og:locale\" content=\"fr_FR\" \/>\n<meta property=\"og:type\" content=\"article\" \/>\n<meta property=\"og:title\" content=\"Qui sommes-nous ? - csaf.lu\" \/>\n<meta property=\"og:description\" content=\"Notre engagement CSAF travaille main dans la main avec les organismes de formation dans la construction de formations et leurs certification, dans la cr\u00e9ation de CFA, la mise en conformit\u00e9 Qualiopi, la strat\u00e9gie ou encore l\u2019\u00e9ligibilit\u00e9 CPF. Nous accompagnons d\u00e9j\u00e0 des dizaines d\u2019organismes de formation, d\u2019\u00e9tablissements publics d\u2019enseignements et d\u2019entreprises du secteur public et priv\u00e9&hellip;&nbsp;Lire la suite &raquo;Qui sommes-nous ?\" \/>\n<meta property=\"og:url\" content=\"https:\/\/www.csaf.lu\/index.php\/qui-sommes-nous\/\" \/>\n<meta property=\"og:site_name\" content=\"csaf.lu\" \/>\n<meta property=\"article:modified_time\" content=\"2023-11-13T13:55:04+00:00\" \/>\n<meta name=\"twitter:card\" content=\"summary_large_image\" \/>\n<meta name=\"twitter:label1\" content=\"Dur\u00e9e de lecture estim\u00e9e\" \/>\n\t<meta name=\"twitter:data1\" content=\"1 minute\" \/>\n<script type=\"application\/ld+json\" class=\"yoast-schema-graph\">{\"@context\":\"https:\/\/schema.org\",\"@graph\":[{\"@type\":\"WebPage\",\"@id\":\"https:\/\/www.csaf.lu\/index.php\/qui-sommes-nous\/\",\"url\":\"https:\/\/www.csaf.lu\/index.php\/qui-sommes-nous\/\",\"name\":\"Qui sommes-nous ? - csaf.lu\",\"isPartOf\":{\"@id\":\"https:\/\/www.csaf.lu\/#website\"},\"datePublished\":\"2023-11-13T13:54:03+00:00\",\"dateModified\":\"2023-11-13T13:55:04+00:00\",\"breadcrumb\":{\"@id\":\"https:\/\/www.csaf.lu\/index.php\/qui-sommes-nous\/#breadcrumb\"},\"inLanguage\":\"fr-FR\",\"potentialAction\":[{\"@type\":\"ReadAction\",\"target\":[\"https:\/\/www.csaf.lu\/index.php\/qui-sommes-nous\/\"]}]},{\"@type\":\"BreadcrumbList\",\"@id\":\"https:\/\/www.csaf.lu\/index.php\/qui-sommes-nous\/#breadcrumb\",\"itemListElement\":[{\"@type\":\"ListItem\",\"position\":1,\"name\":\"Accueil\",\"item\":\"https:\/\/www.csaf.lu\/\"},{\"@type\":\"ListItem\",\"position\":2,\"name\":\"Qui sommes-nous ?\"}]},{\"@type\":\"WebSite\",\"@id\":\"https:\/\/www.csaf.lu\/#website\",\"url\":\"https:\/\/www.csaf.lu\/\",\"name\":\"csaf.lu\",\"description\":\"Conseil S\u00e9curit\u00e9 Audit Formation\",\"potentialAction\":[{\"@type\":\"SearchAction\",\"target\":{\"@type\":\"EntryPoint\",\"urlTemplate\":\"https:\/\/www.csaf.lu\/?s={search_term_string}\"},\"query-input\":{\"@type\":\"PropertyValueSpecification\",\"valueRequired\":true,\"valueName\":\"search_term_string\"}}],\"inLanguage\":\"fr-FR\"}]}<\/script>\n<!-- \/ Yoast SEO plugin. -->","yoast_head_json":{"title":"Qui sommes-nous ? - csaf.lu","robots":{"index":"index","follow":"follow","max-snippet":"max-snippet:-1","max-image-preview":"max-image-preview:large","max-video-preview":"max-video-preview:-1"},"canonical":"https:\/\/www.csaf.lu\/index.php\/qui-sommes-nous\/","og_locale":"fr_FR","og_type":"article","og_title":"Qui sommes-nous ? - csaf.lu","og_description":"Notre engagement CSAF travaille main dans la main avec les organismes de formation dans la construction de formations et leurs certification, dans la cr\u00e9ation de CFA, la mise en conformit\u00e9 Qualiopi, la strat\u00e9gie ou encore l\u2019\u00e9ligibilit\u00e9 CPF. Nous accompagnons d\u00e9j\u00e0 des dizaines d\u2019organismes de formation, d\u2019\u00e9tablissements publics d\u2019enseignements et d\u2019entreprises du secteur public et priv\u00e9&hellip;&nbsp;Lire la suite &raquo;Qui sommes-nous ?","og_url":"https:\/\/www.csaf.lu\/index.php\/qui-sommes-nous\/","og_site_name":"csaf.lu","article_modified_time":"2023-11-13T13:55:04+00:00","twitter_card":"summary_large_image","twitter_misc":{"Dur\u00e9e de lecture estim\u00e9e":"1 minute"},"schema":{"@context":"https:\/\/schema.org","@graph":[{"@type":"WebPage","@id":"https:\/\/www.csaf.lu\/index.php\/qui-sommes-nous\/","url":"https:\/\/www.csaf.lu\/index.php\/qui-sommes-nous\/","name":"Qui sommes-nous ? - csaf.lu","isPartOf":{"@id":"https:\/\/www.csaf.lu\/#website"},"datePublished":"2023-11-13T13:54:03+00:00","dateModified":"2023-11-13T13:55:04+00:00","breadcrumb":{"@id":"https:\/\/www.csaf.lu\/index.php\/qui-sommes-nous\/#breadcrumb"},"inLanguage":"fr-FR","potentialAction":[{"@type":"ReadAction","target":["https:\/\/www.csaf.lu\/index.php\/qui-sommes-nous\/"]}]},{"@type":"BreadcrumbList","@id":"https:\/\/www.csaf.lu\/index.php\/qui-sommes-nous\/#breadcrumb","itemListElement":[{"@type":"ListItem","position":1,"name":"Accueil","item":"https:\/\/www.csaf.lu\/"},{"@type":"ListItem","position":2,"name":"Qui sommes-nous ?"}]},{"@type":"WebSite","@id":"https:\/\/www.csaf.lu\/#website","url":"https:\/\/www.csaf.lu\/","name":"csaf.lu","description":"Conseil S\u00e9curit\u00e9 Audit Formation","potentialAction":[{"@type":"SearchAction","target":{"@type":"EntryPoint","urlTemplate":"https:\/\/www.csaf.lu\/?s={search_term_string}"},"query-input":{"@type":"PropertyValueSpecification","valueRequired":true,"valueName":"search_term_string"}}],"inLanguage":"fr-FR"}]}},"_links":{"self":[{"href":"https:\/\/www.csaf.lu\/index.php\/wp-json\/wp\/v2\/pages\/2502","targetHints":{"allow":["GET"]}}],"collection":[{"href":"https:\/\/www.csaf.lu\/index.php\/wp-json\/wp\/v2\/pages"}],"about":[{"href":"https:\/\/www.csaf.lu\/index.php\/wp-json\/wp\/v2\/types\/page"}],"author":[{"embeddable":true,"href":"https:\/\/www.csaf.lu\/index.php\/wp-json\/wp\/v2\/users\/1"}],"replies":[{"embeddable":true,"href":"https:\/\/www.csaf.lu\/index.php\/wp-json\/wp\/v2\/comments?post=2502"}],"version-history":[{"count":7,"href":"https:\/\/www.csaf.lu\/index.php\/wp-json\/wp\/v2\/pages\/2502\/revisions"}],"predecessor-version":[{"id":2510,"href":"https:\/\/www.csaf.lu\/index.php\/wp-json\/wp\/v2\/pages\/2502\/revisions\/2510"}],"wp:attachment":[{"href":"https:\/\/www.csaf.lu\/index.php\/wp-json\/wp\/v2\/media?parent=2502"}],"curies":[{"name":"wp","href":"https:\/\/api.w.org\/{rel}","templated":true}]}}